{"id":2733,"date":"2017-09-06T03:42:22","date_gmt":"2017-09-06T03:42:22","guid":{"rendered":"http:\/\/www.jardinchiquilandia.com\/sitio\/?page_id=2733"},"modified":"2025-08-26T15:06:30","modified_gmt":"2025-08-26T20:06:30","slug":"convenios","status":"publish","type":"page","link":"https:\/\/www.jardinchiquilandia.com\/sitio\/convenios\/","title":{"rendered":"Convenios"},"content":{"rendered":"<p>[vc_row row_link_color=\u00bb#162c8c\u00bb row_link_color_hover=\u00bb#1e73be\u00bb][vc_column][vc_empty_space height=\u00bb40px\u00bb][vc_column_text]<\/p>\n<h2 style=\"text-align: center;\">Asociaci\u00f3n Antioque\u00f1a de Educaci\u00f3n Infantil<\/h2>\n<p>[\/vc_column_text][vc_empty_space height=\u00bb20px\u00bb][vc_separator color=\u00bbcustom\u00bb border_width=\u00bb4&#8243; el_width=\u00bb50&#8243; accent_color=\u00bb#22acd6&#8243;][vc_empty_space height=\u00bb40px\u00bb][vc_row_inner][vc_column_inner width=\u00bb1\/2&#8243;][vc_single_image image=\u00bb3214&#8243; img_size=\u00bbmedium\u00bb alignment=\u00bbcenter\u00bb][\/vc_column_inner][vc_column_inner width=\u00bb1\/2&#8243;][vc_column_text]La asociaci\u00f3n es una entidad sin \u00e1nimo de lucro, que trabaja por y para la infancia;\u00a0 con personer\u00eda jur\u00eddica 34503 del 26 de junio de 1986.\u00a0 Entre sus asociados se encuentran jardines infantiles, colegios, universidades, ONG, fundaciones y personas naturales.<\/p>\n<p>Actualmente\u00a0tiene 27 instituciones asociadas. Dentro de las instituciones hay Centros de educaci\u00f3n Infantil, ONG\u00b4s, Colegios y Universidades.<\/p>\n<p><a href=\"https:\/\/www.facebook.com\/asoinfantil\/\" target=\"_blank\" rel=\"noopener\">www.asoinfantilantioquia.com<\/a>[\/vc_column_text][\/vc_column_inner][\/vc_row_inner][vc_empty_space height=\u00bb80px\u00bb][\/vc_column][\/vc_row][vc_row full_width=\u00bb1&#8243; content_placement=\u00bbmiddle\u00bb row_color=\u00bb#ffffff\u00bb row_head_color=\u00bb#ffffff\u00bb row_link_color=\u00bb#ffffff\u00bb row_link_color_hover=\u00bb#ffffff\u00bb css=\u00bb.vc_custom_1506632247649{padding-top: 50px !important;padding-bottom: 50px !important;background: #6618a5 url(http:\/\/www.jardinchiquilandia.com\/sitio\/wp-content\/uploads\/2015\/04\/bg-vector.png?id=30) !important;background-position: center !important;background-repeat: no-repeat !important;background-size: cover !important;border-radius: 20px !important;}\u00bb][vc_column][vc_column_text]<\/p>\n<h3 style=\"text-align: center;\">Colegios con los que tenemos convenio<\/h3>\n<p>[\/vc_column_text][\/vc_column][\/vc_row][vc_row][vc_column][vc_empty_space height=\u00bb60px\u00bb][vc_row_inner][vc_column_inner width=\u00bb1\/4&#8243;][vc_single_image image=\u00bb3234&#8243; alignment=\u00bbcenter\u00bb style=\u00bbvc_box_rounded\u00bb onclick=\u00bbcustom_link\u00bb img_link_target=\u00bb_blank\u00bb link=\u00bbhttp:\/\/www.colegioalemanmedellin.edu.co\/\u00bb][vc_empty_space height=\u00bb20px\u00bb][vc_single_image image=\u00bb3246&#8243; alignment=\u00bbcenter\u00bb style=\u00bbvc_box_rounded\u00bb onclick=\u00bbcustom_link\u00bb img_link_target=\u00bb_blank\u00bb link=\u00bbhttp:\/\/www.hontanares.edu.co\/\u00bb][vc_empty_space height=\u00bb20px\u00bb][vc_single_image image=\u00bb3261&#8243; alignment=\u00bbcenter\u00bb style=\u00bbvc_box_rounded\u00bb onclick=\u00bbcustom_link\u00bb img_link_target=\u00bb_blank\u00bb link=\u00bbhttp:\/\/isc.edu.co\/\u00bb][vc_empty_space height=\u00bb20px\u00bb][vc_single_image image=\u00bb3254&#8243; alignment=\u00bbcenter\u00bb style=\u00bbvc_box_rounded\u00bb onclick=\u00bbcustom_link\u00bb img_link_target=\u00bb_blank\u00bb link=\u00bbhttp:\/\/montemayor.edu.co\/\u00bb][vc_empty_space height=\u00bb20px\u00bb][vc_single_image image=\u00bb3256&#8243; alignment=\u00bbcenter\u00bb style=\u00bbvc_box_rounded\u00bb onclick=\u00bbcustom_link\u00bb img_link_target=\u00bb_blank\u00bb link=\u00bbhttp:\/\/theodoro.edu.co\u00bb][vc_empty_space height=\u00bb20px\u00bb][vc_single_image image=\u00bb4327&#8243; alignment=\u00bbcenter\u00bb style=\u00bbvc_box_rounded\u00bb onclick=\u00bbcustom_link\u00bb img_link_target=\u00bb_blank\u00bb link=\u00bbhttps:\/\/sanjosedelasalle.edu.co\/\u00bb][\/vc_column_inner][vc_column_inner width=\u00bb1\/4&#8243;][vc_single_image image=\u00bb3235&#8243; alignment=\u00bbcenter\u00bb style=\u00bbvc_box_rounded\u00bb onclick=\u00bbcustom_link\u00bb img_link_target=\u00bb_blank\u00bb link=\u00bbhttps:\/\/avanzar.edu.co\/\u00bb][vc_empty_space height=\u00bb20px\u00bb][vc_single_image image=\u00bb3240&#8243; alignment=\u00bbcenter\u00bb style=\u00bbvc_box_rounded\u00bb onclick=\u00bbcustom_link\u00bb img_link_target=\u00bb_blank\u00bb link=\u00bbhttp:\/\/www.institutomusical.edu.co\/\u00bb][vc_empty_space height=\u00bb20px\u00bb][vc_single_image image=\u00bb3251&#8243; alignment=\u00bbcenter\u00bb style=\u00bbvc_box_rounded\u00bb onclick=\u00bbcustom_link\u00bb img_link_target=\u00bb_blank\u00bb link=\u00bbhttp:\/\/www.colegiolondres.edu.co\/\u00bb][vc_empty_space height=\u00bb20px\u00bb][vc_single_image image=\u00bb3255&#8243; alignment=\u00bbcenter\u00bb style=\u00bbvc_box_rounded\u00bb onclick=\u00bbcustom_link\u00bb img_link_target=\u00bb_blank\u00bb link=\u00bbhttp:\/\/www.sanjosevegas.edu.co\u00bb][vc_empty_space height=\u00bb20px\u00bb][vc_single_image image=\u00bb3233&#8243; img_size=\u00bbmedium\u00bb alignment=\u00bbcenter\u00bb style=\u00bbvc_box_rounded\u00bb onclick=\u00bbcustom_link\u00bb img_link_target=\u00bb_blank\u00bb link=\u00bbhttp:\/\/virtual.upb.edu.co\/portal\/page?_pageid=1114,1&amp;_dad=portal&amp;_schema=PORTAL\u00bb][vc_empty_space height=\u00bb20px\u00bb][vc_single_image image=\u00bb4330&#8243; alignment=\u00bbcenter\u00bb style=\u00bbvc_box_rounded\u00bb onclick=\u00bbcustom_link\u00bb img_link_target=\u00bb_blank\u00bb link=\u00bbhttps:\/\/www.csanjuanboscobelen.edu.co\/\u00bb][\/vc_column_inner][vc_column_inner width=\u00bb1\/4&#8243;][vc_single_image image=\u00bb3241&#8243; alignment=\u00bbcenter\u00bb style=\u00bbvc_box_rounded\u00bb onclick=\u00bbcustom_link\u00bb img_link_target=\u00bb_blank\u00bb link=\u00bbhttp:\/\/www.alcazares.edu.co\/\u00bb][vc_empty_space height=\u00bb20px\u00bb][vc_single_image image=\u00bb3248&#8243; alignment=\u00bbcenter\u00bb style=\u00bbvc_box_rounded\u00bb onclick=\u00bbcustom_link\u00bb img_link_target=\u00bb_blank\u00bb link=\u00bbhttp:\/\/www.delainmaculada.edu.co\/\u00bb][vc_empty_space height=\u00bb20px\u00bb][vc_single_image image=\u00bb3236&#8243; alignment=\u00bbcenter\u00bb style=\u00bbvc_box_rounded\u00bb onclick=\u00bbcustom_link\u00bb img_link_target=\u00bb_blank\u00bb link=\u00bbhttp:\/\/providencia.edu.co\/\u00bb][vc_empty_space height=\u00bb20px\u00bb][vc_single_image image=\u00bb3237&#8243; alignment=\u00bbcenter\u00bb style=\u00bbvc_box_rounded\u00bb onclick=\u00bbcustom_link\u00bb img_link_target=\u00bb_blank\u00bb link=\u00bbhttp:\/\/csanjuanboscobelen.edu.co\u00bb][vc_empty_space height=\u00bb20px\u00bb][vc_single_image image=\u00bb3257&#8243; alignment=\u00bbcenter\u00bb style=\u00bbvc_box_rounded\u00bb onclick=\u00bbcustom_link\u00bb img_link_target=\u00bb_blank\u00bb link=\u00bbhttp:\/\/vermontmedellin.edu.co\/\u00bb][\/vc_column_inner][vc_column_inner width=\u00bb1\/4&#8243;][vc_single_image image=\u00bb3252&#8243; alignment=\u00bbcenter\u00bb style=\u00bbvc_box_rounded\u00bb onclick=\u00bbcustom_link\u00bb img_link_target=\u00bb_blank\u00bb link=\u00bbhttps:\/\/www.pinares.edu.co\/\u00bb][vc_empty_space height=\u00bb20px\u00bb][vc_single_image image=\u00bb3247&#8243; alignment=\u00bbcenter\u00bb style=\u00bbvc_box_rounded\u00bb onclick=\u00bbcustom_link\u00bb img_link_target=\u00bb_blank\u00bb link=\u00bbhttp:\/\/www.lasallenorandino.org\/\u00bb][vc_empty_space height=\u00bb20px\u00bb][vc_single_image image=\u00bb3253&#8243; alignment=\u00bbcenter\u00bb style=\u00bbvc_box_rounded\u00bb onclick=\u00bbcustom_link\u00bb img_link_target=\u00bb_blank\u00bb link=\u00bbhttp:\/\/www.manyanet.edu.co\u00bb][vc_empty_space height=\u00bb20px\u00bb][vc_single_image image=\u00bb3238&#8243; alignment=\u00bbcenter\u00bb style=\u00bbvc_box_rounded\u00bb onclick=\u00bbcustom_link\u00bb img_link_target=\u00bb_blank\u00bb link=\u00bbhttp:\/\/www.columbus.edu.co\u00bb][vc_empty_space height=\u00bb20px\u00bb][vc_single_image image=\u00bb4332&#8243; alignment=\u00bbcenter\u00bb style=\u00bbvc_box_rounded\u00bb onclick=\u00bbcustom_link\u00bb img_link_target=\u00bb_blank\u00bb link=\u00bbhttps:\/\/www.corazonistamedellin.edu.co\/\u00bb][\/vc_column_inner][\/vc_row_inner][\/vc_column][\/vc_row]<\/p>\n","protected":false},"excerpt":{"rendered":"<p>[vc_row row_link_color=\u00bb#162c8c\u00bb row_link_color_hover=\u00bb#1e73be\u00bb][vc_column][vc_empty_space height=\u00bb40px\u00bb][vc_column_text] Asociaci\u00f3n Antioque\u00f1a de Educaci\u00f3n Infantil [\/vc_column_text][vc_empty_space height=\u00bb20px\u00bb][vc_separator color=\u00bbcustom\u00bb border_width=\u00bb4&#8243; el_width=\u00bb50&#8243; accent_color=\u00bb#22acd6&#8243;][vc_empty_space height=\u00bb40px\u00bb][vc_row_inner][vc_column_inner width=\u00bb1\/2&#8243;][vc_single_image image=\u00bb3214&#8243; img_size=\u00bbmedium\u00bb alignment=\u00bbcenter\u00bb][\/vc_column_inner][vc_column_inner width=\u00bb1\/2&#8243;][vc_column_text]La asociaci\u00f3n es una entidad sin \u00e1nimo de lucro, que trabaja por y para la infancia;\u00a0 con personer\u00eda jur\u00eddica 34503 del 26 de junio de 1986.\u00a0 Entre sus asociados se encuentran jardines infantiles, colegios, universidades, [&hellip;]<\/p>\n","protected":false},"author":1,"featured_media":0,"parent":0,"menu_order":0,"comment_status":"closed","ping_status":"closed","template":"","meta":{"_joinchat":[],"footnotes":""},"class_list":["post-2733","page","type-page","status-publish","hentry"],"_links":{"self":[{"href":"https:\/\/www.jardinchiquilandia.com\/sitio\/wp-json\/wp\/v2\/pages\/2733","targetHints":{"allow":["GET"]}}],"collection":[{"href":"https:\/\/www.jardinchiquilandia.com\/sitio\/wp-json\/wp\/v2\/pages"}],"about":[{"href":"https:\/\/www.jardinchiquilandia.com\/sitio\/wp-json\/wp\/v2\/types\/page"}],"author":[{"embeddable":true,"href":"https:\/\/www.jardinchiquilandia.com\/sitio\/wp-json\/wp\/v2\/users\/1"}],"replies":[{"embeddable":true,"href":"https:\/\/www.jardinchiquilandia.com\/sitio\/wp-json\/wp\/v2\/comments?post=2733"}],"version-history":[{"count":47,"href":"https:\/\/www.jardinchiquilandia.com\/sitio\/wp-json\/wp\/v2\/pages\/2733\/revisions"}],"predecessor-version":[{"id":4455,"href":"https:\/\/www.jardinchiquilandia.com\/sitio\/wp-json\/wp\/v2\/pages\/2733\/revisions\/4455"}],"wp:attachment":[{"href":"https:\/\/www.jardinchiquilandia.com\/sitio\/wp-json\/wp\/v2\/media?parent=2733"}],"curies":[{"name":"wp","href":"https:\/\/api.w.org\/{rel}","templated":true}]}}