{"id":264,"date":"2015-04-28T08:29:31","date_gmt":"2015-04-28T08:29:31","guid":{"rendered":"http:\/\/demo.cmssuperheroes.com\/themeforest\/wp-kindergarten\/?page_id=264"},"modified":"2025-08-26T15:26:57","modified_gmt":"2025-08-26T20:26:57","slug":"contact","status":"publish","type":"page","link":"https:\/\/www.jardinchiquilandia.com\/sitio\/contact\/","title":{"rendered":"Contacto"},"content":{"rendered":"<p>[vc_row full_width=\u00bb1&#8243;][vc_column][vc_gmaps link=\u00bb#E-8_JTNDaWZyYW1lJTIwc3JjJTNEJTIyaHR0cHMlM0ElMkYlMkZ3d3cuZ29vZ2xlLmNvbSUyRm1hcHMlMkZlbWJlZCUzRnBiJTNEJTIxMW0xOCUyMTFtMTIlMjExbTMlMjExZDM5NjYuMjIzMTMyNzg1MDY2JTIxMmQtNzUuNTkzMTI1MDg0OTYwMDklMjEzZDYuMjM0MjkwNjk1NDg3MjIyJTIxMm0zJTIxMWYwJTIxMmYwJTIxM2YwJTIxM20yJTIxMWkxMDI0JTIxMmk3NjglMjE0ZjEzLjElMjEzbTMlMjExbTIlMjExczB4OGU0NDI5YmJlZTZiZmUwMSUyNTNBMHhmZjJkNmY5YTI0NjNmZjNkJTIxMnNKYXJkJTI1QzMlMjVBRG4lMjUyMEluZmFudGlsJTI1MjBDaGlxdWlsYW5kaWElMjE1ZTAlMjEzbTIlMjExc2VzJTIxMnNjbyUyMTR2MTYzMDAwODg1NTYyNyUyMTVtMiUyMTFzZXMlMjEyc2NvJTIyJTIwd2lkdGglM0QlMjIxMDAlMjUlMjIlMjBoZWlnaHQlM0QlMjI0NTAlMjIlMjBzdHlsZSUzRCUyMmJvcmRlciUzQTAlM0IlMjIlMjBhbGxvd2Z1bGxzY3JlZW4lM0QlMjIlMjIlMjBsb2FkaW5nJTNEJTIybGF6eSUyMiUzRSUzQyUyRmlmcmFtZSUzRQ==\u00bb][vc_empty_space][\/vc_column][\/vc_row][vc_row row_head_color=\u00bb#575656&#8243;][vc_column width=\u00bb1\/2&#8243;][vc_single_image image=\u00bb3983&#8243; img_size=\u00bblarge\u00bb][vc_empty_space height=\u00bb20px\u00bb][\/vc_column][vc_column width=\u00bb1\/2&#8243;][vc_column_text]<\/p>\n<h1>Chiquilandia Jard\u00edn Infantil<\/h1>\n<p>[\/vc_column_text][vc_empty_space height=\u00bb20px\u00bb][vc_separator color=\u00bbcustom\u00bb border_width=\u00bb4&#8243; el_width=\u00bb50&#8243; custom_sparator_width=\u00bb155px\u00bb accent_color=\u00bb#5fcde3&#8243;][vc_empty_space height=\u00bb36px\u00bb][cms_fancybox icon1=\u00bbfa fa-home\u00bb title1=\u00bbCarrera 69C N\u00ba31A-22 , Bel\u00e9n Rosales, Medell\u00edn -Colombia\u00bb cms_title_size=\u00bbh6&#8243; cms_fancybox_boder_color=\u00bb#ba2b6f\u00bb cms_fancybox_bg_color=\u00bb#da5192&#8243; cms_cols=\u00bb1 Column\u00bb button_link2=\u00bb#\u00bb button_link3=\u00bb#\u00bb button_link4=\u00bb#\u00bb button_link6=\u00bb#\u00bb cms_template=\u00bbcms_fancybox&#8211;layout-3.php\u00bb][cms_fancybox icon1=\u00bbfa fa-phone\u00bb title1=\u00bb(+57) 604 499 43 87&#8243; button_link1=\u00bbhref=\u00abtel:6044994387\u00ab\u00bb cms_title_size=\u00bbh6&#8243; cms_fancybox_boder_color=\u00bb#ba2b6f\u00bb cms_fancybox_bg_color=\u00bb#da5192&#8243; cms_cols=\u00bb1 Column\u00bb button_link2=\u00bb#\u00bb button_link3=\u00bb#\u00bb button_link4=\u00bb#\u00bb button_link6=\u00bb#\u00bb cms_template=\u00bbcms_fancybox&#8211;layout-3.php\u00bb heading_1=\u00bb\u00bb][cms_fancybox icon1=\u00bbfa fa-mobile\u00bb title1=\u00bb(+57) 300 132 9942&#8243; button_link1=\u00bbhttps:\/\/wa.me\/573001329942&#8243; cms_title_size=\u00bbh6&#8243; cms_fancybox_boder_color=\u00bb#ba2b6f\u00bb cms_fancybox_bg_color=\u00bb#da5192&#8243; cms_cols=\u00bb1 Column\u00bb button_link2=\u00bb#\u00bb button_link3=\u00bb#\u00bb button_link4=\u00bb#\u00bb button_link6=\u00bb#\u00bb cms_template=\u00bbcms_fancybox&#8211;layout-3.php\u00bb][cms_fancybox icon1=\u00bbfa fa-envelope\u00bb title1=\u00bbchiquilandiaji@hotmail.com\u00bb button_link1=\u00bbmailto\u00bb cms_title_size=\u00bbh6&#8243; cms_fancybox_boder_color=\u00bb#ba2b6f\u00bb cms_fancybox_bg_color=\u00bb#da5192&#8243; cms_cols=\u00bb1 Column\u00bb button_link2=\u00bb#\u00bb button_link3=\u00bb#\u00bb button_link4=\u00bb#\u00bb button_link6=\u00bb#\u00bb cms_template=\u00bbcms_fancybox&#8211;layout-3.php\u00bb][cms_fancybox icon1=\u00bbfa fa-globe\u00bb title1=\u00bbwww.jardinchiquilandia.com\u00bb cms_title_size=\u00bbh6&#8243; cms_fancybox_boder_color=\u00bb#ba2b6f\u00bb cms_fancybox_bg_color=\u00bb#da5192&#8243; cms_cols=\u00bb1 Column\u00bb button_link2=\u00bb#\u00bb button_link3=\u00bb#\u00bb button_link4=\u00bb#\u00bb button_link6=\u00bb#\u00bb cms_template=\u00bbcms_fancybox&#8211;layout-3.php\u00bb][\/vc_column][\/vc_row][vc_row css=\u00bb.vc_custom_1507242796900{padding-top: 10px !important;padding-bottom: 10px !important;background-position: center !important;background-repeat: no-repeat !important;background-size: cover !important;}\u00bb][vc_column text_align=\u00bbcenter\u00bb][vc_row_inner row_head_color=\u00bb#575656&#8243;][vc_column_inner][vc_column_text]<\/p>\n<h1>Env\u00edenos su mensaje<\/h1>\n<p>[\/vc_column_text][vc_empty_space height=\u00bb25px\u00bb][vc_separator color=\u00bbcustom\u00bb align=\u00bbcenter\u00bb border_width=\u00bb4&#8243; el_width=\u00bb50&#8243; custom_sparator_width=\u00bb155px\u00bb cms_title_size=\u00bbh2&#8243; accent_color=\u00bb#6b448e\u00bb][vc_empty_space][\/vc_column_inner][\/vc_row_inner][vc_row_inner][vc_column_inner width=\u00bb1\/6&#8243;][\/vc_column_inner][vc_column_inner width=\u00bb2\/3&#8243;][vc_column_text]<span style=\"color: #808080;\">Para nosotros es muy importante el contacto con los padres de familia y\/o acudientes para el bienestar de nuestros ni\u00f1@s, por eso siempre estamos atentos a cualquier comentario, duda, queja o felicitaci\u00f3n. P\u00f3ngase en contacto con nosotros y con gusto lo atenderemos.<\/span><br \/>\n<span style=\"color: #808080;\">Si desea separar una cita para conocer m\u00e1s acerca del Jard\u00edn, escribanos y pronto nos pondremos en contacto con usted.<\/span>[\/vc_column_text][vc_empty_space height=\u00bb55px\u00bb]\n<div class=\"wpcf7 no-js\" id=\"wpcf7-f2722-o1\" lang=\"es-ES\" dir=\"ltr\" data-wpcf7-id=\"2722\">\n<div class=\"screen-reader-response\"><p role=\"status\" aria-live=\"polite\" aria-atomic=\"true\"><\/p> <ul><\/ul><\/div>\n<form action=\"\/sitio\/wp-json\/wp\/v2\/pages\/264#wpcf7-f2722-o1\" method=\"post\" class=\"wpcf7-form init\" aria-label=\"Formulario de contacto\" novalidate=\"novalidate\" data-status=\"init\">\n<fieldset class=\"hidden-fields-container\"><input type=\"hidden\" name=\"_wpcf7\" value=\"2722\" \/><input type=\"hidden\" name=\"_wpcf7_version\" value=\"6.1.1\" \/><input type=\"hidden\" name=\"_wpcf7_locale\" value=\"es_ES\" \/><input type=\"hidden\" name=\"_wpcf7_unit_tag\" value=\"wpcf7-f2722-o1\" \/><input type=\"hidden\" name=\"_wpcf7_container_post\" value=\"0\" \/><input type=\"hidden\" name=\"_wpcf7_posted_data_hash\" value=\"\" \/><input type=\"hidden\" name=\"_wpcf7_recaptcha_response\" value=\"\" \/>\n<\/fieldset>\n<p><label> Nombre<br \/>\n<span class=\"wpcf7-form-control-wrap\" data-name=\"your-name\"><input size=\"40\" maxlength=\"400\" class=\"wpcf7-form-control wpcf7-text wpcf7-validates-as-required\" aria-required=\"true\" aria-invalid=\"false\" value=\"\" type=\"text\" name=\"your-name\" \/><\/span> <\/label>\n<\/p>\n<p><label> Email<br \/>\n<span class=\"wpcf7-form-control-wrap\" data-name=\"your-email\"><input size=\"40\" maxlength=\"400\" class=\"wpcf7-form-control wpcf7-email wpcf7-validates-as-required wpcf7-text wpcf7-validates-as-email\" aria-required=\"true\" aria-invalid=\"false\" value=\"\" type=\"email\" name=\"your-email\" \/><\/span> <\/label>\n<\/p>\n<p><label> Tel\u00e9fono<br \/>\n<span class=\"wpcf7-form-control-wrap\" data-name=\"your-phone\"><input size=\"40\" maxlength=\"400\" class=\"wpcf7-form-control wpcf7-tel wpcf7-validates-as-required wpcf7-text wpcf7-validates-as-tel\" aria-required=\"true\" aria-invalid=\"false\" value=\"\" type=\"tel\" name=\"your-phone\" \/><\/span> <\/label>\n<\/p>\n<p><label> Asunto<br \/>\n<span class=\"wpcf7-form-control-wrap\" data-name=\"your-subject\"><input size=\"40\" maxlength=\"400\" class=\"wpcf7-form-control wpcf7-text wpcf7-validates-as-required\" aria-required=\"true\" aria-invalid=\"false\" value=\"\" type=\"text\" name=\"your-subject\" \/><\/span> <\/label>\n<\/p>\n<p><label> Mensaje<br \/>\n<span class=\"wpcf7-form-control-wrap\" data-name=\"your-message\"><textarea cols=\"40\" rows=\"10\" maxlength=\"2000\" class=\"wpcf7-form-control wpcf7-textarea wpcf7-validates-as-required\" aria-required=\"true\" aria-invalid=\"false\" name=\"your-message\"><\/textarea><\/span> <\/label>\n<\/p>\n\n<p><input class=\"wpcf7-form-control wpcf7-submit has-spinner\" type=\"submit\" value=\"Enviar\" \/>\n<\/p><p style=\"display: none !important;\" class=\"akismet-fields-container\" data-prefix=\"_wpcf7_ak_\"><label>&#916;<textarea name=\"_wpcf7_ak_hp_textarea\" cols=\"45\" rows=\"8\" maxlength=\"100\"><\/textarea><\/label><input type=\"hidden\" id=\"ak_js_1\" name=\"_wpcf7_ak_js\" value=\"91\"\/><script>document.getElementById( \"ak_js_1\" ).setAttribute( \"value\", ( new Date() ).getTime() );<\/script><\/p><div class=\"wpcf7-response-output\" aria-hidden=\"true\"><\/div>\n<\/form>\n<\/div>\n[\/vc_column_inner][vc_column_inner width=\u00bb1\/6&#8243;][\/vc_column_inner][\/vc_row_inner][\/vc_column][\/vc_row][vc_row css=\u00bb.vc_custom_1507244770398{padding-top: 110px !important;padding-bottom: 110px !important;background-image: url(http:\/\/www.jardinchiquilandia.com\/sitio\/wp-content\/uploads\/2015\/04\/Transparent_Grass_with_White_Flowers_Clipart.jpg?id=3011) !important;}\u00bb][vc_column][\/vc_column][\/vc_row]<\/p>\n","protected":false},"excerpt":{"rendered":"<p>[vc_row full_width=\u00bb1&#8243;][vc_column][vc_gmaps link=\u00bb#E-8_JTNDaWZyYW1lJTIwc3JjJTNEJTIyaHR0cHMlM0ElMkYlMkZ3d3cuZ29vZ2xlLmNvbSUyRm1hcHMlMkZlbWJlZCUzRnBiJTNEJTIxMW0xOCUyMTFtMTIlMjExbTMlMjExZDM5NjYuMjIzMTMyNzg1MDY2JTIxMmQtNzUuNTkzMTI1MDg0OTYwMDklMjEzZDYuMjM0MjkwNjk1NDg3MjIyJTIxMm0zJTIxMWYwJTIxMmYwJTIxM2YwJTIxM20yJTIxMWkxMDI0JTIxMmk3NjglMjE0ZjEzLjElMjEzbTMlMjExbTIlMjExczB4OGU0NDI5YmJlZTZiZmUwMSUyNTNBMHhmZjJkNmY5YTI0NjNmZjNkJTIxMnNKYXJkJTI1QzMlMjVBRG4lMjUyMEluZmFudGlsJTI1MjBDaGlxdWlsYW5kaWElMjE1ZTAlMjEzbTIlMjExc2VzJTIxMnNjbyUyMTR2MTYzMDAwODg1NTYyNyUyMTVtMiUyMTFzZXMlMjEyc2NvJTIyJTIwd2lkdGglM0QlMjIxMDAlMjUlMjIlMjBoZWlnaHQlM0QlMjI0NTAlMjIlMjBzdHlsZSUzRCUyMmJvcmRlciUzQTAlM0IlMjIlMjBhbGxvd2Z1bGxzY3JlZW4lM0QlMjIlMjIlMjBsb2FkaW5nJTNEJTIybGF6eSUyMiUzRSUzQyUyRmlmcmFtZSUzRQ==\u00bb][vc_empty_space][\/vc_column][\/vc_row][vc_row row_head_color=\u00bb#575656&#8243;][vc_column width=\u00bb1\/2&#8243;][vc_single_image image=\u00bb3983&#8243; img_size=\u00bblarge\u00bb][vc_empty_space height=\u00bb20px\u00bb][\/vc_column][vc_column width=\u00bb1\/2&#8243;][vc_column_text] Chiquilandia Jard\u00edn Infantil [\/vc_column_text][vc_empty_space height=\u00bb20px\u00bb][vc_separator color=\u00bbcustom\u00bb border_width=\u00bb4&#8243; el_width=\u00bb50&#8243; custom_sparator_width=\u00bb155px\u00bb accent_color=\u00bb#5fcde3&#8243;][vc_empty_space height=\u00bb36px\u00bb][cms_fancybox icon1=\u00bbfa fa-home\u00bb title1=\u00bbCarrera 69C N\u00ba31A-22 , Bel\u00e9n Rosales, Medell\u00edn -Colombia\u00bb cms_title_size=\u00bbh6&#8243; cms_fancybox_boder_color=\u00bb#ba2b6f\u00bb cms_fancybox_bg_color=\u00bb#da5192&#8243; cms_cols=\u00bb1 Column\u00bb button_link2=\u00bb#\u00bb button_link3=\u00bb#\u00bb button_link4=\u00bb#\u00bb button_link6=\u00bb#\u00bb cms_template=\u00bbcms_fancybox&#8211;layout-3.php\u00bb][cms_fancybox icon1=\u00bbfa fa-phone\u00bb title1=\u00bb(+57) 604 499 43 87&#8243; button_link1=\u00bbhref=\u00abtel:6044994387\u00ab\u00bb cms_title_size=\u00bbh6&#8243; cms_fancybox_boder_color=\u00bb#ba2b6f\u00bb cms_fancybox_bg_color=\u00bb#da5192&#8243; cms_cols=\u00bb1 Column\u00bb button_link2=\u00bb#\u00bb button_link3=\u00bb#\u00bb [&hellip;]<\/p>\n","protected":false},"author":1,"featured_media":0,"parent":0,"menu_order":0,"comment_status":"closed","ping_status":"closed","template":"","meta":{"_joinchat":[],"footnotes":""},"class_list":["post-264","page","type-page","status-publish","hentry"],"_links":{"self":[{"href":"https:\/\/www.jardinchiquilandia.com\/sitio\/wp-json\/wp\/v2\/pages\/264","targetHints":{"allow":["GET"]}}],"collection":[{"href":"https:\/\/www.jardinchiquilandia.com\/sitio\/wp-json\/wp\/v2\/pages"}],"about":[{"href":"https:\/\/www.jardinchiquilandia.com\/sitio\/wp-json\/wp\/v2\/types\/page"}],"author":[{"embeddable":true,"href":"https:\/\/www.jardinchiquilandia.com\/sitio\/wp-json\/wp\/v2\/users\/1"}],"replies":[{"embeddable":true,"href":"https:\/\/www.jardinchiquilandia.com\/sitio\/wp-json\/wp\/v2\/comments?post=264"}],"version-history":[{"count":64,"href":"https:\/\/www.jardinchiquilandia.com\/sitio\/wp-json\/wp\/v2\/pages\/264\/revisions"}],"predecessor-version":[{"id":4461,"href":"https:\/\/www.jardinchiquilandia.com\/sitio\/wp-json\/wp\/v2\/pages\/264\/revisions\/4461"}],"wp:attachment":[{"href":"https:\/\/www.jardinchiquilandia.com\/sitio\/wp-json\/wp\/v2\/media?parent=264"}],"curies":[{"name":"wp","href":"https:\/\/api.w.org\/{rel}","templated":true}]}}