{"id":232,"date":"2015-04-24T02:21:50","date_gmt":"2015-04-24T02:21:50","guid":{"rendered":"http:\/\/demo.cmssuperheroes.com\/themeforest\/wp-kindergarten\/?page_id=232"},"modified":"2025-08-27T09:18:41","modified_gmt":"2025-08-27T14:18:41","slug":"quienessomos","status":"publish","type":"page","link":"https:\/\/www.jardinchiquilandia.com\/sitio\/quienessomos\/","title":{"rendered":"Jard\u00edn Infantil Chiquilandia"},"content":{"rendered":"<p>[vc_row full_width=\u00bb1&#8243; row_head_color=\u00bb#575656&#8243;][vc_column width=\u00bb1\/2&#8243; list_style=\u00bblist-style-check green\u00bb css=\u00bb.vc_custom_1431518185360{padding-right: 30px !important;padding-left: 60px !important;}\u00bb cms_title_size=\u00bbh2&#8243; el_class=\u00bbpadding-30&#8243;][vc_empty_space height=\u00bb62px\u00bb][vc_column_text]<\/p>\n<h2 style=\"text-align: center;\">Quienes Somos<\/h2>\n<p>[\/vc_column_text][vc_empty_space height=\u00bb20px\u00bb][vc_separator color=\u00bbcustom\u00bb border_width=\u00bb4&#8243; el_width=\u00bb50&#8243; custom_sparator_width=\u00bb155px\u00bb cms_title_size=\u00bbh2&#8243; accent_color=\u00bb#02b0d2&#8243;][vc_empty_space height=\u00bb30px\u00bb][vc_row_inner css=\u00bb.vc_custom_1429938329816{padding-right: 0px !important;padding-left: 0px !important;}\u00bb][vc_column_inner css=\u00bb.vc_custom_1429938470887{padding-right: 0px !important;padding-left: 0px !important;}\u00bb][vc_column_text]<\/p>\n<h5 style=\"text-align: center;\"><span style=\"color: #808080;\">Somos una Instituci\u00f3n educativa fundada en 1984, en el barrio Bel\u00e9n Rosales de la ciudad de Medell\u00edn, trabajamos bajo la licencia y vigilancia de la Secretaria de Educaci\u00f3n, cumpliendo con todos los requerimientos exigidos por la ley para el bienestar de nuestros alumnos.<\/span><\/h5>\n<p>[\/vc_column_text][\/vc_column_inner][\/vc_row_inner][vc_empty_space height=\u00bb28px\u00bb][\/vc_column][vc_column width=\u00bb1\/2&#8243; css=\u00bb.vc_custom_1756161078644{padding-top: 253px !important;padding-bottom: 253px !important;background-image: url(https:\/\/www.jardinchiquilandia.com\/wp-content\/uploads\/2025\/08\/Copia-de-WhatsApp-Image-2025-08-13-at-17.17.22-scaled.jpeg?id=4275) !important;background-position: center !important;background-repeat: no-repeat !important;background-size: cover !important;}\u00bb cms_title_size=\u00bbh2&#8243;][\/vc_column][\/vc_row][vc_row full_width=\u00bb1&#8243; row_head_color=\u00bb#575656&#8243;][vc_column width=\u00bb1\/2&#8243; css=\u00bb.vc_custom_1756304226027{padding-top: 285px !important;padding-bottom: 285px !important;background-image: url(https:\/\/www.jardinchiquilandia.com\/wp-content\/uploads\/2025\/08\/WhatsApp-Image-2025-08-13-at-17.17.21-scaled.jpeg?id=4276) !important;background-position: center !important;background-repeat: no-repeat !important;background-size: cover !important;}\u00bb cms_title_size=\u00bbh2&#8243; offset=\u00bbvc_hidden-xs\u00bb][\/vc_column][vc_column width=\u00bb1\/2&#8243; css=\u00bb.vc_custom_1431523806417{padding-right: 30px !important;padding-left: 30px !important;}\u00bb cms_title_size=\u00bbh2&#8243;][vc_empty_space height=\u00bb62px\u00bb][vc_column_text]<\/p>\n<h2 style=\"text-align: center;\">Misi\u00f3n<\/h2>\n<p>[\/vc_column_text][vc_empty_space height=\u00bb30px\u00bb][vc_separator color=\u00bbcustom\u00bb border_width=\u00bb4&#8243; el_width=\u00bb50&#8243; custom_sparator_width=\u00bb155px\u00bb cms_title_size=\u00bbh2&#8243; accent_color=\u00bb#02b0d2&#8243;][vc_empty_space height=\u00bb25px\u00bb][vc_column_text]<\/p>\n<h5 style=\"text-align: center;\"><span style=\"color: #808080;\">El jard\u00edn infantil CHIQUILANDIA, est\u00e1 centrado en la formaci\u00f3n integra para la vida, fundamentado en valores, brindando a ni\u00f1os y ni\u00f1as bases adecuadas, garantizando un ingreso exitoso al sistema educativo, a trav\u00e9s de aprendizajes significativos.<\/span><\/h5>\n<p>[\/vc_column_text][vc_empty_space height=\u00bb40px\u00bb][\/vc_column][\/vc_row][vc_row full_width=\u00bb1&#8243; row_head_color=\u00bb#575656&#8243;][vc_column width=\u00bb1\/2&#8243; css=\u00bb.vc_custom_1756304016511{padding-top: 285px !important;padding-bottom: 285px !important;background-image: url(https:\/\/www.jardinchiquilandia.com\/wp-content\/uploads\/2025\/08\/WhatsApp-Image-2025-08-13-at-17.17.21-scaled.jpeg?id=4276) !important;background-position: center !important;background-repeat: no-repeat !important;background-size: cover !important;}\u00bb cms_title_size=\u00bbh2&#8243; offset=\u00bbvc_hidden-lg vc_hidden-md vc_hidden-sm\u00bb][\/vc_column][\/vc_row][vc_row full_width=\u00bb1&#8243; row_head_color=\u00bb#575656&#8243;][vc_column width=\u00bb1\/2&#8243; list_style=\u00bblist-style-check green\u00bb css=\u00bb.vc_custom_1431518185360{padding-right: 30px !important;padding-left: 60px !important;}\u00bb cms_title_size=\u00bbh2&#8243; el_class=\u00bbpadding-30&#8243;][vc_empty_space height=\u00bb62px\u00bb][vc_column_text]<\/p>\n<h2 style=\"text-align: center;\">Visi\u00f3n<\/h2>\n<p>[\/vc_column_text][vc_empty_space height=\u00bb20px\u00bb][vc_separator color=\u00bbcustom\u00bb border_width=\u00bb4&#8243; el_width=\u00bb50&#8243; custom_sparator_width=\u00bb155px\u00bb cms_title_size=\u00bbh2&#8243; accent_color=\u00bb#02b0d2&#8243;][vc_empty_space height=\u00bb30px\u00bb][vc_row_inner css=\u00bb.vc_custom_1429938329816{padding-right: 0px !important;padding-left: 0px !important;}\u00bb][vc_column_inner css=\u00bb.vc_custom_1429938470887{padding-right: 0px !important;padding-left: 0px !important;}\u00bb][vc_column_text]<\/p>\n<h5 style=\"text-align: center;\"><span style=\"color: #808080;\">Para el 2030, el jard\u00edn infantil CHIQUILANDIA ser\u00e1 reconocido como una instituci\u00f3n educativa l\u00edder en la formaci\u00f3n integral, cumpliendo con una funci\u00f3n pedag\u00f3gica y socializadora, partiendo de sus principios y valores.<\/span><\/h5>\n<p>[\/vc_column_text][\/vc_column_inner][\/vc_row_inner][vc_empty_space height=\u00bb28px\u00bb][\/vc_column][vc_column width=\u00bb1\/2&#8243; css=\u00bb.vc_custom_1756163295606{padding-top: 253px !important;padding-bottom: 253px !important;background-image: url(https:\/\/www.jardinchiquilandia.com\/wp-content\/uploads\/2025\/08\/WhatsApp-Image-2025-08-22-at-11.58.14-scaled.jpeg?id=4260) !important;background-position: center !important;background-repeat: no-repeat !important;background-size: cover !important;}\u00bb cms_title_size=\u00bbh2&#8243;][\/vc_column][\/vc_row][vc_row full_width=\u00bb1&#8243; row_head_color=\u00bb#575656&#8243;][vc_column width=\u00bb1\/2&#8243; css=\u00bb.vc_custom_1756304249898{padding-top: 285px !important;padding-bottom: 285px !important;background-image: url(https:\/\/www.jardinchiquilandia.com\/wp-content\/uploads\/2024\/05\/IMG-20240502-WA0042-scaled.jpg?id=4139) !important;background-position: center !important;background-repeat: no-repeat !important;background-size: cover !important;}\u00bb cms_title_size=\u00bbh2&#8243; offset=\u00bbvc_hidden-xs\u00bb][\/vc_column][vc_column width=\u00bb1\/2&#8243; css=\u00bb.vc_custom_1431523806417{padding-right: 30px !important;padding-left: 30px !important;}\u00bb cms_title_size=\u00bbh2&#8243;][vc_empty_space height=\u00bb62px\u00bb][vc_column_text]<\/p>\n<h2 style=\"text-align: center;\">Como agente formador<\/h2>\n<p>[\/vc_column_text][vc_empty_space height=\u00bb20px\u00bb][vc_separator color=\u00bbcustom\u00bb border_width=\u00bb4&#8243; el_width=\u00bb50&#8243; custom_sparator_width=\u00bb155px\u00bb cms_title_size=\u00bbh2&#8243; accent_color=\u00bb#02b0d2&#8243;][vc_empty_space height=\u00bb30px\u00bb][vc_column_text]<\/p>\n<h5 style=\"text-align: center;\"><span style=\"color: #808080;\">Es importante destacar que varios son los agentes que intervienen en la educaci\u00f3n de los ni\u00f1os.\u00a0 En la actualidad la familia y los jardines infantiles\u00a0han establecido una relaci\u00f3n ineludible debido a la actividad laboral de ambos padres, a los ambientes familiares carentes de est\u00edmulos y a la estructura reducida entre otros.<\/span><\/h5>\n<h5 style=\"text-align: center;\"><span style=\"color: #808080;\">Lo anterior lleva a iniciar desde muy temprana edad la etapa escolar, es aqu\u00ed donde el jard\u00edn infantil chiquilandia toma un papel importante pues en relaci\u00f3n directa con ustedes podremos contribuir notablemente en el desarrollo integral de su hijo.<\/span><\/h5>\n<h5 style=\"text-align: center;\"><span style=\"color: #808080;\">El primer aspecto que se beneficia es el socio- afectivo, ya que el ni\u00f1o inicia su vida de interacci\u00f3n exterior a su hogar muy \u00fatil a los fines del desarrollo y a la maduraci\u00f3n de su personalidad.\u00a0\u00a0 Sistem\u00e1ticamente se da un aprendizaje que favorece los aspectos del desarrollo y permite la adquisici\u00f3n de habilidades, aumentando la capacidad de comunicarse y desarrollarse.<\/span><\/h5>\n<p>[\/vc_column_text][vc_empty_space height=\u00bb40px\u00bb][\/vc_column][\/vc_row][vc_row full_width=\u00bb1&#8243; row_head_color=\u00bb#575656&#8243;][vc_column width=\u00bb1\/2&#8243; css=\u00bb.vc_custom_1756304299286{padding-top: 285px !important;padding-bottom: 285px !important;background-image: url(https:\/\/www.jardinchiquilandia.com\/wp-content\/uploads\/2024\/05\/IMG-20240502-WA0042-scaled.jpg?id=4139) !important;background-position: center !important;background-repeat: no-repeat !important;background-size: cover !important;}\u00bb cms_title_size=\u00bbh2&#8243; offset=\u00bbvc_hidden-lg vc_hidden-md vc_hidden-sm\u00bb][\/vc_column][\/vc_row][vc_row row_head_color=\u00bb#575656&#8243; css=\u00bb.vc_custom_1431524231279{padding-top: 120px !important;padding-bottom: 110px !important;background-color: #f5f5f5 !important;}\u00bb][vc_column cms_title_size=\u00bbh2&#8243; offset=\u00bbvc_col-lg-4 vc_col-md-4 vc_col-xs-12&#8243;][cms_fancybox icon1=\u00bbfa fa-heart\u00bb title1=\u00bbAmistad\u00bb cms_title_size=\u00bbh3&#8243; cms_fancybox_boder_color=\u00bb#0f9fbc\u00bb cms_fancybox_bg_color=\u00bb#34bfdb\u00bb cms_cols=\u00bb1 Column\u00bb button_link2=\u00bb#\u00bb button_link3=\u00bb#\u00bb button_link4=\u00bb#\u00bb button_link6=\u00bb#\u00bb description1=\u00bbEn la primera infancia los ni\u00f1os aprenden a tener los primeros amigos.\u00bb cms_template=\u00bbcms_fancybox&#8211;layout-2.php\u00bb][vc_empty_space height=\u00bb50px\u00bb][cms_fancybox icon1=\u00bbfa fa-building\u00bb title1=\u00bbInstalaciones\u00bb cms_title_size=\u00bbh3&#8243; cms_fancybox_boder_color=\u00bb#81b747&#8243; cms_fancybox_bg_color=\u00bb#81b747&#8243; cms_cols=\u00bb1 Column\u00bb button_link2=\u00bb#\u00bb button_link3=\u00bb#\u00bb button_link4=\u00bb#\u00bb button_link6=\u00bb#\u00bb description1=\u00bbCon nuestro nuevo edificio ofrecemos infraestructura dise\u00f1ada especialmente para nuestros peque\u00f1os.\u00bb cms_template=\u00bbcms_fancybox&#8211;layout-2.php\u00bb][\/vc_column][vc_column cms_title_size=\u00bbh2&#8243; offset=\u00bbvc_col-lg-4 vc_col-md-4 vc_col-xs-12&#8243;][cms_fancybox icon1=\u00bbfa fa-check-circle-o\u00bb title1=\u00bbCalidad\u00bb cms_title_size=\u00bbh3&#8243; cms_fancybox_boder_color=\u00bb#ba2b6f\u00bb cms_fancybox_bg_color=\u00bb#da5192&#8243; cms_cols=\u00bb1 Column\u00bb button_link2=\u00bb#\u00bb button_link3=\u00bb#\u00bb button_link4=\u00bb#\u00bb button_link6=\u00bb#\u00bb description1=\u00bbVigilados por Secretaria de Educaci\u00f3n, tenemos altos est\u00e1ndares educativos.\u00bb cms_template=\u00bbcms_fancybox&#8211;layout-2.php\u00bb][vc_empty_space height=\u00bb50px\u00bb][cms_fancybox icon1=\u00bbfa fa-puzzle-piece\u00bb title1=\u00bbEducaci\u00f3n\u00bb cms_title_size=\u00bbh3&#8243; cms_fancybox_boder_color=\u00bb#5e3582&#8243; cms_fancybox_bg_color=\u00bb#6e4692&#8243; cms_cols=\u00bb1 Column\u00bb button_link2=\u00bb#\u00bb button_link3=\u00bb#\u00bb button_link4=\u00bb#\u00bb button_link6=\u00bb#\u00bb description1=\u00bbCreemos que la mejor forma de aprender es jugando, por eso propiciamos el aprendizaje divertido.\u00bb cms_template=\u00bbcms_fancybox&#8211;layout-2.php\u00bb][\/vc_column][vc_column cms_title_size=\u00bbh2&#8243; offset=\u00bbvc_col-lg-4 vc_col-md-4 vc_col-xs-12&#8243;][cms_fancybox icon1=\u00bbfa fa-thumbs-o-up\u00bb title1=\u00bbExperiencia\u00bb cms_title_size=\u00bbh3&#8243; cms_fancybox_boder_color=\u00bb#c05631&#8243; cms_fancybox_bg_color=\u00bb#ea8360&#8243; cms_cols=\u00bb1 Column\u00bb button_link2=\u00bb#\u00bb button_link3=\u00bb#\u00bb button_link4=\u00bb#\u00bb button_link6=\u00bb#\u00bb description1=\u00bbFundado en 1984, tenemos gran experiencia en el cuidado y formaci\u00f3n infantil.\u00bb cms_template=\u00bbcms_fancybox&#8211;layout-2.php\u00bb][vc_empty_space height=\u00bb50px\u00bb][cms_fancybox icon1=\u00bbfa fa-child\u00bb title1=\u00bbValores\u00bb cms_title_size=\u00bbh3&#8243; cms_fancybox_boder_color=\u00bb#f1c00a\u00bb cms_fancybox_bg_color=\u00bb#ffdd00&#8243; cms_cols=\u00bb1 Column\u00bb button_link2=\u00bb#\u00bb button_link3=\u00bb#\u00bb button_link4=\u00bb#\u00bb button_link6=\u00bb#\u00bb description1=\u00bbLo que m\u00e1s nos interesa es la formaci\u00f3n de ni\u00f1os felices, por eso nos enfocamos en el ser, y su entorno.\u00bb cms_template=\u00bbcms_fancybox&#8211;layout-2.php\u00bb][\/vc_column][\/vc_row][vc_row][vc_column][vc_column_text]<\/p>\n<h1 style=\"text-align: center; color: #575656;\">Actividades del Jard\u00edn<\/h1>\n<p>[\/vc_column_text][vc_empty_space height=\u00bb20px\u00bb][vc_tabs interval=\u00bb0&#8243;][vc_tab cms_tab_bg_color=\u00bb#d36e95&#8243; cms_tab_border_color=\u00bb#d30051&#8243; title=\u00bbD\u00eda de la Familia\u00bb tab_id=\u00bb04b92044-bf39-5&#8243;][vc_row_inner][vc_column_inner text_align=\u00bbcenter\u00bb][vc_column_text]<\/p>\n<p style=\"text-align: center;\">El d\u00eda de la familia es muy especial porque es un espacio para que las familias se conozcan y compartan actividades recreativas .<\/p>\n<p>[\/vc_column_text][vc_single_image image=\u00bb4279&#8243; img_size=\u00bblarge\u00bb alignment=\u00bbcenter\u00bb][\/vc_column_inner][\/vc_row_inner][\/vc_tab][vc_tab cms_tab_bg_color=\u00bb#4caf36&#8243; cms_tab_border_color=\u00bb#178200&#8243; title=\u00bbAntioque\u00f1idad\u00bb tab_id=\u00bb1506471261426-2-4&#8243;][vc_row_inner][vc_column_inner][vc_column_text]<\/p>\n<p style=\"text-align: center;\">En la semana de la antioque\u00f1idad vivimos toda nuestra cultura silletera, con actividades tradicionales de la feria de las flores.<\/p>\n<p>[\/vc_column_text][vc_single_image image=\u00bb4280&#8243; img_size=\u00bblarge\u00bb alignment=\u00bbcenter\u00bb][\/vc_column_inner][\/vc_row_inner][\/vc_tab][vc_tab cms_tab_bg_color=\u00bb#277af7&#8243; cms_tab_border_color=\u00bb#0057af\u00bb title=\u00bbSemana Cultural\u00bb tab_id=\u00bb5317374c-0727-4&#8243;][vc_row_inner][vc_column_inner text_align=\u00bbcenter\u00bb][vc_column_text]<\/p>\n<p style=\"text-align: center;\">La semana cultural est\u00e1 llena de actividades divertidas para nuestros peque\u00f1os y salidas pedag\u00f3gicas<\/p>\n<p>[\/vc_column_text][vc_single_image image=\u00bb4281&#8243; img_size=\u00bblarge\u00bb alignment=\u00bbcenter\u00bb][\/vc_column_inner][\/vc_row_inner][\/vc_tab][vc_tab cms_tab_bg_color=\u00bb#dd3333&#8243; cms_tab_border_color=\u00bb#b7412a\u00bb title=\u00bbNavidad\u00bb tab_id=\u00bb1506477938700-4-9&#8243;][vc_row_inner][vc_column_inner text_align=\u00bbcenter\u00bb][vc_column_text]<\/p>\n<p style=\"text-align: center;\">Celebramos esta hermosa \u00e9poca donde compartimos las tradiciones con la magia de la navidad que llena el coraz\u00f3n de nuestros ni\u00f1os y sus familias.<\/p>\n<p>[\/vc_column_text][vc_single_image image=\u00bb4282&#8243; img_size=\u00bblarge\u00bb alignment=\u00bbcenter\u00bb][\/vc_column_inner][\/vc_row_inner][\/vc_tab][vc_tab cms_tab_bg_color=\u00bb#9e0dbf\u00bb cms_tab_border_color=\u00bb#730982&#8243; title=\u00bbClausura\u00bb tab_id=\u00bb1506478249929-5-4&#8243;][vc_row_inner][vc_column_inner][vc_column_text]<\/p>\n<p style=\"text-align: center;\">En el fin de a\u00f1o nuestros ni\u00f1os hacen una presentaci\u00f3n que preparan durante meses para mostrarles a sus familias un hermoso acto que saca m\u00e1s de una lagrima de ternura y alegr\u00eda.<\/p>\n<p>[\/vc_column_text][vc_single_image image=\u00bb4283&#8243; img_size=\u00bblarge\u00bb alignment=\u00bbcenter\u00bb][\/vc_column_inner][\/vc_row_inner][\/vc_tab][\/vc_tabs][vc_empty_space height=\u00bb50px\u00bb][\/vc_column][\/vc_row][vc_row full_width=\u00bb1&#8243; row_link_color=\u00bb#6e4692&#8243; row_link_color_hover=\u00bb#da5192&#8243; css=\u00bb.vc_custom_1756164357224{padding-top: 80px !important;background-position: center !important;background-repeat: no-repeat !important;background-size: cover !important;}\u00bb][vc_column font_color=\u00bb#575656&#8243; cms_title_size=\u00bbh2&#8243;][vc_column_text]<\/p>\n<h1 style=\"text-align: center; color: #575656;\">Perfil de docentes Chiquilandia<\/h1>\n<p>[\/vc_column_text][vc_empty_space height=\u00bb15px\u00bb][vc_separator color=\u00bbcustom\u00bb align=\u00bbcenter\u00bb border_width=\u00bb4&#8243; el_width=\u00bb50&#8243; custom_sparator_width=\u00bb155px\u00bb cms_title_size=\u00bbh2&#8243; accent_color=\u00bb#02b0d2&#8243;][vc_empty_space height=\u00bb40px\u00bb][vc_row_inner][vc_column_inner width=\u00bb1\/2&#8243; css=\u00bb.vc_custom_1756164558653{margin-left: 30px !important;padding-right: 50px !important;}\u00bb][vc_column_text]<\/p>\n<h5 style=\"color: #575656; text-align: center;\"><span style=\"color: #808080;\">Todo el personal docente de nuestra Instituci\u00f3n ha tenido formaci\u00f3n t\u00e9cnica, tecnol\u00f3gica y profesional en educaci\u00f3n y atenci\u00f3n integral a la primera infancia, adem\u00e1s nos capacitamos constantemente en diferentes talleres y conferencias que nos permiten mantenernos actualizadas en temas como disciplina positiva, inteligencia emocional y dem\u00e1s.<\/span><\/h5>\n<h5 style=\"text-align: center;\"><span style=\"color: #808080;\">Nuestros ni\u00f1os siempre est\u00e1n acompa\u00f1ados por una profesora titular licenciada, una auxiliar tecn\u00f3loga o t\u00e9cnica y tambi\u00e9n tenemos el apoyo de practicantes.<\/span><\/h5>\n<h5 style=\"text-align: center;\"><\/h5>\n<h5 style=\"text-align: center;\"><\/h5>\n<h5 style=\"text-align: center;\"><\/h5>\n<h5 style=\"text-align: center;\"><span style=\"color: #808080;\"><a href=\"http:\/\/www.jardinchiquilandia.com\/sitio\/trabaje-con-nosotros\/\">Trabaje con nosotros, haga clic aqu\u00ed.<\/a><\/span><\/h5>\n<p>[\/vc_column_text][\/vc_column_inner][vc_column_inner width=\u00bb1\/2&#8243; css=\u00bb.vc_custom_1756164264707{padding-top: 285px !important;padding-bottom: 250px !important;background-image: url(https:\/\/www.jardinchiquilandia.com\/wp-content\/uploads\/2025\/08\/WhatsApp-Image-2025-08-13-at-17.36.20-scaled.jpeg?id=4225) !important;background-position: center !important;background-repeat: no-repeat !important;background-size: cover !important;}\u00bb][\/vc_column_inner][\/vc_row_inner][vc_empty_space height=\u00bb100px\u00bb][cms_carousel xsmall_items=\u00bb1&#8243; small_items=\u00bb2&#8243; medium_items=\u00bb3&#8243; large_items=\u00bb4&#8243; margin=\u00bb30&#8243; nav=\u00bbfalse\u00bb dots=\u00bbfalse\u00bb autoplay=\u00bbfalse\u00bb source=\u00bbsize:4|order_by:date|post_type:team\u00bb left_arrow=\u00bbfa fa-angle-left\u00bb right_arrow=\u00bbfa fa-angle-right\u00bb cms_template=\u00bbcms_carousel&#8211;layout-team-1.php\u00bb][\/vc_column][\/vc_row]<\/p>\n","protected":false},"excerpt":{"rendered":"<p>[vc_row full_width=\u00bb1&#8243; row_head_color=\u00bb#575656&#8243;][vc_column width=\u00bb1\/2&#8243; list_style=\u00bblist-style-check green\u00bb css=\u00bb.vc_custom_1431518185360{padding-right: 30px !important;padding-left: 60px !important;}\u00bb cms_title_size=\u00bbh2&#8243; el_class=\u00bbpadding-30&#8243;][vc_empty_space height=\u00bb62px\u00bb][vc_column_text] Quienes Somos [\/vc_column_text][vc_empty_space height=\u00bb20px\u00bb][vc_separator color=\u00bbcustom\u00bb border_width=\u00bb4&#8243; el_width=\u00bb50&#8243; custom_sparator_width=\u00bb155px\u00bb cms_title_size=\u00bbh2&#8243; accent_color=\u00bb#02b0d2&#8243;][vc_empty_space height=\u00bb30px\u00bb][vc_row_inner css=\u00bb.vc_custom_1429938329816{padding-right: 0px !important;padding-left: 0px !important;}\u00bb][vc_column_inner css=\u00bb.vc_custom_1429938470887{padding-right: 0px !important;padding-left: 0px !important;}\u00bb][vc_column_text] Somos una Instituci\u00f3n educativa fundada en 1984, en el barrio Bel\u00e9n Rosales de la ciudad de Medell\u00edn, trabajamos bajo la [&hellip;]<\/p>\n","protected":false},"author":1,"featured_media":0,"parent":0,"menu_order":0,"comment_status":"closed","ping_status":"closed","template":"","meta":{"_joinchat":[],"footnotes":""},"class_list":["post-232","page","type-page","status-publish","hentry"],"_links":{"self":[{"href":"https:\/\/www.jardinchiquilandia.com\/sitio\/wp-json\/wp\/v2\/pages\/232","targetHints":{"allow":["GET"]}}],"collection":[{"href":"https:\/\/www.jardinchiquilandia.com\/sitio\/wp-json\/wp\/v2\/pages"}],"about":[{"href":"https:\/\/www.jardinchiquilandia.com\/sitio\/wp-json\/wp\/v2\/types\/page"}],"author":[{"embeddable":true,"href":"https:\/\/www.jardinchiquilandia.com\/sitio\/wp-json\/wp\/v2\/users\/1"}],"replies":[{"embeddable":true,"href":"https:\/\/www.jardinchiquilandia.com\/sitio\/wp-json\/wp\/v2\/comments?post=232"}],"version-history":[{"count":109,"href":"https:\/\/www.jardinchiquilandia.com\/sitio\/wp-json\/wp\/v2\/pages\/232\/revisions"}],"predecessor-version":[{"id":4504,"href":"https:\/\/www.jardinchiquilandia.com\/sitio\/wp-json\/wp\/v2\/pages\/232\/revisions\/4504"}],"wp:attachment":[{"href":"https:\/\/www.jardinchiquilandia.com\/sitio\/wp-json\/wp\/v2\/media?parent=232"}],"curies":[{"name":"wp","href":"https:\/\/api.w.org\/{rel}","templated":true}]}}